{"id":1200,"date":"2023-02-15T13:20:40","date_gmt":"2023-02-15T13:20:40","guid":{"rendered":"https:\/\/www.lambrettaclublazio.it\/?page_id=1200"},"modified":"2024-11-19T19:12:56","modified_gmt":"2024-11-19T19:12:56","slug":"tecnica","status":"publish","type":"page","link":"https:\/\/www.lambrettaclublazio.it\/?page_id=1200","title":{"rendered":"Materiale informativo"},"content":{"rendered":"<div class=\"row row-full-width\"  id=\"row-1851816703\">\n<div class=\"col small-12 large-12\"  ><div class=\"col-inner\"  >\n\t<div class=\"img has-hover x md-x lg-x y md-y lg-y\" id=\"image_1638831252\">\n\t\t\t\t\t\t\t\t<div class=\"img-inner image-cover dark\" style=\"padding-top:700px;\">\n\t\t\t<img loading=\"lazy\" decoding=\"async\" width=\"1020\" height=\"685\" src=\"https:\/\/www.lambrettaclublazio.it\/wp-content\/uploads\/2023\/02\/14-1192x800.jpg\" class=\"attachment-large size-large\" alt=\"\" srcset=\"https:\/\/www.lambrettaclublazio.it\/wp-content\/uploads\/2023\/02\/14-1192x800.jpg 1192w, https:\/\/www.lambrettaclublazio.it\/wp-content\/uploads\/2023\/02\/14-596x400.jpg 596w, https:\/\/www.lambrettaclublazio.it\/wp-content\/uploads\/2023\/02\/14-768x516.jpg 768w, https:\/\/www.lambrettaclublazio.it\/wp-content\/uploads\/2023\/02\/14.jpg 1448w\" sizes=\"auto, (max-width: 1020px) 100vw, 1020px\" \/>\t\t\t\t\t\t\n\t\t\t\t\t<\/div>\n\t\t\t\t\t\t\t\t\n<style scope=\"scope\">\n\n#image_1638831252 {\n  width: 100%;\n}\n<\/style>\n\t<\/div>\n\t\n<\/div><\/div>\n\n<style scope=\"scope\">\n\n<\/style>\n<\/div>\n<div class=\"container section-title-container\" ><h3 class=\"section-title section-title-center\"><b><\/b><span class=\"section-title-main\" style=\"font-size:120%;\">MATERIALE INFORMATIVO<\/span><b><\/b><\/h3><\/div><!-- .section-title -->\n<p>Il nostro intento \u00e8 quello di pubblicare tutte le informazioni disponibili, senza violare le leggi sul copyright, che siano di interesse per il proprietario di una Lambretta allo scopo di condividere le conoscenze esistenti. <br \/>Il materiale pubblicato in questa sezione \u00e8 di propriet\u00e0 di diversi siti e\/o privati. Anche in molti fascicoli, i proprietari sono indicati in modo diverso in essi. L&#8217;obiettivo del Lambretta Club Lazio non \u00e8 rivendicarne la propriet\u00e0, ma di garantirne la disponibilit\u00e0 sul Web.<br \/>La maggioranza delle informazioni pubblicate in questa sezione \u00e8 in formato PDF. Per leggere questo formato \u00e8 necessario avere installato Acrobat Reader<\/p>\n<p><a href=\"http:\/\/www.lambrettaclublazio.it\/wp-content\/uploads\/2024\/02\/brochure-tesseramento-ASI.pdf\">brochure-tesseramento-ASI<\/a>.<\/p>\n<p><a href=\"http:\/\/www.lambrettaclublazio.it\/wp-content\/uploads\/2024\/03\/Notiziario-Lambretta-sett_ott1957.pdf\">Notiziario Lambretta sett_ott1957<\/a><\/p>\n<p>Notiziario Lambretta dal 1996 <a href=\"http:\/\/www.lambrettaclublazio.it\/wp-content\/uploads\/2024\/11\/N\u00b01.pdf\">N\u00b01<\/a>&#8211; <a href=\"http:\/\/www.lambrettaclublazio.it\/wp-content\/uploads\/2024\/11\/N\u00b02.pdf\">N\u00b02<\/a>&#8211; <a href=\"http:\/\/www.lambrettaclublazio.it\/wp-content\/uploads\/2024\/11\/N\u00b03.pdf\">N\u00b03<\/a> &#8211; <a href=\"http:\/\/www.lambrettaclublazio.it\/wp-content\/uploads\/2024\/11\/N\u00b04.pdf\">N\u00b04<\/a> &#8211; <a href=\"http:\/\/www.lambrettaclublazio.it\/wp-content\/uploads\/2024\/11\/N\u00b05.pdf\">N\u00b05<\/a> &#8211; <a href=\"http:\/\/www.lambrettaclublazio.it\/wp-content\/uploads\/2024\/11\/N\u00b06.pdf\">N\u00b06 &#8211; <\/a><a href=\"http:\/\/www.lambrettaclublazio.it\/wp-content\/uploads\/2024\/11\/N\u00b07.pdf\">N\u00b07<\/a><a href=\"http:\/\/www.lambrettaclublazio.it\/wp-content\/uploads\/2024\/11\/N\u00b06.pdf\"> &#8211; <\/a><a href=\"http:\/\/www.lambrettaclublazio.it\/wp-content\/uploads\/2024\/11\/N\u00b08.pdf\">N\u00b08<\/a><a href=\"http:\/\/www.lambrettaclublazio.it\/wp-content\/uploads\/2024\/11\/N\u00b06.pdf\"> &#8211; <\/a><a href=\"http:\/\/www.lambrettaclublazio.it\/wp-content\/uploads\/2024\/11\/N\u00b09.pdf\">N\u00b09<\/a><a href=\"http:\/\/www.lambrettaclublazio.it\/wp-content\/uploads\/2024\/11\/N\u00b06.pdf\"> &#8211; <\/a><a href=\"http:\/\/www.lambrettaclublazio.it\/wp-content\/uploads\/2024\/11\/N\u00b010.pdf\">N\u00b010<\/a><a href=\"http:\/\/www.lambrettaclublazio.it\/wp-content\/uploads\/2024\/11\/N\u00b06.pdf\"> &#8211; <\/a><a href=\"http:\/\/www.lambrettaclublazio.it\/wp-content\/uploads\/2024\/11\/N\u00b011.pdf\">N\u00b011<\/a><a href=\"http:\/\/www.lambrettaclublazio.it\/wp-content\/uploads\/2024\/11\/N\u00b06.pdf\"> &#8211; <\/a><a href=\"http:\/\/www.lambrettaclublazio.it\/wp-content\/uploads\/2024\/11\/N\u00b012.pdf\">N\u00b012<\/a><a href=\"http:\/\/www.lambrettaclublazio.it\/wp-content\/uploads\/2024\/11\/N\u00b06.pdf\"> &#8211; <\/a><a href=\"http:\/\/www.lambrettaclublazio.it\/wp-content\/uploads\/2024\/11\/N\u00b013.pdf\">N\u00b013 &#8211; <\/a><a href=\"http:\/\/www.lambrettaclublazio.it\/wp-content\/uploads\/2024\/11\/N\u00b014.pdf\">N\u00b014<\/a><a href=\"http:\/\/www.lambrettaclublazio.it\/wp-content\/uploads\/2024\/11\/N\u00b013.pdf\"> &#8211; <\/a><a href=\"http:\/\/www.lambrettaclublazio.it\/wp-content\/uploads\/2024\/11\/N\u00b015.pdf\">N\u00b015<\/a><a href=\"http:\/\/www.lambrettaclublazio.it\/wp-content\/uploads\/2024\/11\/N\u00b013.pdf\"> &#8211; <\/a><a href=\"http:\/\/www.lambrettaclublazio.it\/wp-content\/uploads\/2024\/11\/N\u00b016.pdf\">N\u00b016<\/a><\/p>\n<p><a style=\"font-size: 14.4px;\" href=\"http:\/\/www.lambrettaclublazio.it\/wp-content\/uploads\/2024\/02\/LAMBRETTA-Notiziario-30-del-2011.pdf\">LAMBRETTA Notiziario 30 del 2011<\/a><\/p>\n<div class=\"container section-title-container\" ><h3 class=\"section-title section-title-center\"><b><\/b><span class=\"section-title-main\" style=\"font-size:120%;\">CONTATTACI<\/span><b><\/b><\/h3><\/div><!-- .section-title -->\n\t<div class=\"img has-hover x md-x lg-x y md-y lg-y\" id=\"image_734213204\">\n\t\t\t\t\t\t\t\t<div class=\"img-inner dark\" >\n\t\t\t\t\t\t\t\t\t\n\t\t\t\t\t<\/div>\n\t\t\t\t\t\t\t\t\n<style scope=\"scope\">\n\n#image_734213204 {\n  width: 100%;\n}\n<\/style>\n\t<\/div>\n\t\n<div class=\"social-icons follow-icons full-width text-center\" style=\"font-size:200%\"><a href=\"mailto:lambrettaclublazio@gmail.com\" data-label=\"E-mail\"  rel=\"nofollow\" class=\"icon button circle is-outline  email tooltip\" title=\"Inviaci un'email\"><i class=\"icon-envelop\" ><\/i><\/a><a href=\"tel:+393475307594\" target=\"_blank\"  data-label=\"Phone\"  rel=\"noopener noreferrer nofollow\" class=\"icon button circle is-outline  phone tooltip\" title=\"Call us\"><i class=\"icon-phone\" ><\/i><\/a><\/div>\n<div class=\"gap-element\" style=\"display:block; height:auto; padding-top:20px\" class=\"clearfix\"><\/div>\n","protected":false},"excerpt":{"rendered":"<p>Il nostro intento \u00e8 quello di pubblicare tutte le informazioni disponibili, senza violare le leggi sul copyright, che siano di interesse per il proprietario di una Lambretta allo scopo di condividere le conoscenze esistenti. Il materiale pubblicato in questa sezione \u00e8 di propriet\u00e0 di diversi siti e\/o privati. Anche in molti fascicoli, i proprietari sono [&#8230;]\n","protected":false},"author":1,"featured_media":0,"parent":0,"menu_order":0,"comment_status":"closed","ping_status":"closed","template":"page-blank.php","meta":{"footnotes":""},"class_list":["post-1200","page","type-page","status-publish","hentry"],"_links":{"self":[{"href":"https:\/\/www.lambrettaclublazio.it\/index.php?rest_route=\/wp\/v2\/pages\/1200","targetHints":{"allow":["GET"]}}],"collection":[{"href":"https:\/\/www.lambrettaclublazio.it\/index.php?rest_route=\/wp\/v2\/pages"}],"about":[{"href":"https:\/\/www.lambrettaclublazio.it\/index.php?rest_route=\/wp\/v2\/types\/page"}],"author":[{"embeddable":true,"href":"https:\/\/www.lambrettaclublazio.it\/index.php?rest_route=\/wp\/v2\/users\/1"}],"replies":[{"embeddable":true,"href":"https:\/\/www.lambrettaclublazio.it\/index.php?rest_route=%2Fwp%2Fv2%2Fcomments&post=1200"}],"version-history":[{"count":31,"href":"https:\/\/www.lambrettaclublazio.it\/index.php?rest_route=\/wp\/v2\/pages\/1200\/revisions"}],"predecessor-version":[{"id":2533,"href":"https:\/\/www.lambrettaclublazio.it\/index.php?rest_route=\/wp\/v2\/pages\/1200\/revisions\/2533"}],"wp:attachment":[{"href":"https:\/\/www.lambrettaclublazio.it\/index.php?rest_route=%2Fwp%2Fv2%2Fmedia&parent=1200"}],"curies":[{"name":"wp","href":"https:\/\/api.w.org\/{rel}","templated":true}]}}